{"id":16,"date":"2024-09-16T06:28:52","date_gmt":"2024-09-16T04:28:52","guid":{"rendered":"https:\/\/pol-agra.eu\/?page_id=16"},"modified":"2024-12-03T11:48:56","modified_gmt":"2024-12-03T10:48:56","slug":"sprzedaz-zboz","status":"publish","type":"page","link":"https:\/\/pol-agra.eu\/de\/sprzedaz-zboz\/","title":{"rendered":"Getreideverkauf"},"content":{"rendered":"<div class=\"wpb-content-wrapper\"><p>[vc_row full_width=&#8221;stretch_row_content_no_spaces&#8221; el_class=&#8221;custom_row-for-grey-section-on-right&#8221;][vc_column][g5element_space spacing=&#8221;79&#8243; spacing_lg=&#8221;79&#8243; spacing_md=&#8221;79&#8243; spacing_sm=&#8221;20&#8243; spacing_xs=&#8221;20&#8243;][vc_row_inner equal_height=&#8221;yes&#8221; content_placement=&#8221;middle&#8221; el_class=&#8221;mobile-column-reverse&#8221;][vc_column_inner el_class=&#8221;text_col&#8221; width=&#8221;1\/2&#8243;][g5element_space spacing=&#8221;0&#8243; spacing_lg=&#8221;0&#8243; spacing_md=&#8221;0&#8243; spacing_sm=&#8221;70&#8243; spacing_xs=&#8221;70&#8243;][g5element_heading title=&#8221;Die besten Getreidesorten auf dem Markt &#8211; sofort mit Transport verf\u00fcgbar!&#8221; subtitle=&#8221;UNSER ANGEBOT&#8221; tag_html=&#8221;3&#8243; title_typography=&#8221;%7B%22font_family%22%3A%22Encode%20Sans%20Expanded%22%2C%22font_weight%22%3A%22800%22%2C%22font_style%22%3A%22normal%22%2C%22font_size_lg%22%3A%2239%22%2C%22font_size_md%22%3A%22%22%2C%22font_size_sm%22%3A%2228%22%2C%22font_size_xs%22%3A%22%22%2C%22align%22%3A%22%22%2C%22text_transform%22%3A%22%22%2C%22line_height%22%3A%22%22%2C%22letter_spacing%22%3A%22%22%2C%22color%22%3A%22primary%22%2C%22hover_color%22%3A%22%22%7D&#8221; subtitle_typography=&#8221;%7B%22font_family%22%3A%22Encode%20Sans%20Expanded%22%2C%22font_weight%22%3A%22700%22%2C%22font_style%22%3A%22normal%22%2C%22font_size_lg%22%3A%2216%22%2C%22font_size_md%22%3A%22%22%2C%22font_size_sm%22%3A%22%22%2C%22font_size_xs%22%3A%22%22%2C%22align%22%3A%22%22%2C%22text_transform%22%3A%22%22%2C%22line_height%22%3A%22%22%2C%22letter_spacing%22%3A%22%22%2C%22color%22%3A%22secondary%22%2C%22hover_color%22%3A%22%22%7D&#8221; css=&#8221;.vc_custom_1731764459457{margin-bottom: 36px !important;}&#8221;][vc_column_text css=&#8221;.vc_custom_1731764484924{margin-bottom: 51px !important;}&#8221; el_class=&#8221;max-with-686&#8243;]Bei PolAgra setzen wir auf Innovation, Erfahrung und hohe Qualifikationen unserer Mitarbeiter. Wir k\u00fcmmern uns um sicheren nationalen und internationalen Transport sowie um den Verkauf von Getreide. Wir arbeiten umfassend und sorgen f\u00fcr sicheres Be- und Entladen sowie Logistik am Zielort.[\/vc_column_text][\/vc_column_inner][vc_column_inner el_class=&#8221;img_col&#8221; width=&#8221;1\/2&#8243; css=&#8221;.vc_custom_1726550024523{background-image: url(http:\/\/pol-agra.eu\/wp-content\/uploads\/2024\/09\/Group-515.svg?id=54) !important;background-position: 0 0 !important;background-repeat: no-repeat !important;}&#8221;][vc_single_image image=&#8221;144&#8243; img_size=&#8221;full&#8221; style=&#8221;vc_box_circle&#8221; css=&#8221;.vc_custom_1726655216158{margin-bottom: 0px !important;}&#8221; css_animation=&#8221;fadeInRight&#8221; el_class=&#8221;arrow-icon square_proportion-img max-with-585&#8243;][\/vc_column_inner][\/vc_row_inner][g5element_space spacing=&#8221;70&#8243; spacing_lg=&#8221;70&#8243; spacing_md=&#8221;70&#8243; spacing_sm=&#8221;70&#8243; spacing_xs=&#8221;70&#8243;][\/vc_column][\/vc_row][vc_row full_width=&#8221;stretch_row&#8221; css_animation=&#8221;fadeInUp&#8221; el_class=&#8221;home_row-4&#8243; css=&#8221;.vc_custom_1726656602223{background-image: url(http:\/\/pol-agra.eu\/wp-content\/uploads\/2024\/09\/low-angle-man-sitting-truck-4.jpg?id=151) !important;background-position: center !important;background-repeat: no-repeat !important;background-size: cover !important;}&#8221;][vc_column][g5element_space spacing=&#8221;47&#8243; spacing_lg=&#8221;47&#8243; spacing_md=&#8221;47&#8243; spacing_sm=&#8221;70&#8243; spacing_xs=&#8221;70&#8243;][\/vc_column][vc_column width=&#8221;1\/3&#8243;][g5element_image_box layout_style=&#8221;style-02&#8243; icon_image=&#8221;154&#8243; img_style=&#8221;img-default&#8221; img_size=&#8221;img-size-origin&#8221; hover_image_effect=&#8221;&#8221; title=&#8221;Globale Transportdienstleistungen&#8221; title_typography=&#8221;%7B%22font_family%22%3A%22Encode%20Sans%20Expanded%22%2C%22font_weight%22%3A%22700%22%2C%22font_style%22%3A%22normal%22%2C%22font_size_lg%22%3A%2220%22%2C%22font_size_md%22%3A%22%22%2C%22font_size_sm%22%3A%22%22%2C%22font_size_xs%22%3A%22%22%2C%22align%22%3A%22center%22%2C%22text_transform%22%3A%22%22%2C%22line_height%22%3A%22%22%2C%22letter_spacing%22%3A%22%22%2C%22color%22%3A%22light%22%2C%22hover_color%22%3A%22%22%7D&#8221; description_typography=&#8221;%7B%22font_family%22%3A%22Encode%20Sans%20Expanded%22%2C%22font_weight%22%3A%22500%22%2C%22font_style%22%3A%22normal%22%2C%22font_size_lg%22%3A%2216%22%2C%22font_size_md%22%3A%22%22%2C%22font_size_sm%22%3A%22%22%2C%22font_size_xs%22%3A%22%22%2C%22align%22%3A%22center%22%2C%22text_transform%22%3A%22%22%2C%22line_height%22%3A%22%22%2C%22letter_spacing%22%3A%22%22%2C%22color%22%3A%22light%22%2C%22hover_color%22%3A%22%22%7D&#8221; css=&#8221;.vc_custom_1731764323887{margin-bottom: 50px !important;}&#8221;]<\/p>\n<p style=\"text-align: center;\">Bei Pol-Agra bieten wir Transportdienstleistungen in ganz Polen und Europa an. Wir transportieren Getreide und andere Waren zu beliebigen Zielen.<\/p>\n<p>[\/g5element_image_box][\/vc_column][vc_column width=&#8221;1\/3&#8243;][g5element_image_box layout_style=&#8221;style-02&#8243; icon_image=&#8221;153&#8243; img_style=&#8221;img-default&#8221; img_size=&#8221;img-size-origin&#8221; hover_image_effect=&#8221;&#8221; title=&#8221;Schnelles Be- und Entladen&#8221; title_typography=&#8221;%7B%22font_family%22%3A%22Encode%20Sans%20Expanded%22%2C%22font_weight%22%3A%22700%22%2C%22font_style%22%3A%22normal%22%2C%22font_size_lg%22%3A%2220%22%2C%22font_size_md%22%3A%22%22%2C%22font_size_sm%22%3A%22%22%2C%22font_size_xs%22%3A%22%22%2C%22align%22%3A%22center%22%2C%22text_transform%22%3A%22%22%2C%22line_height%22%3A%22%22%2C%22letter_spacing%22%3A%22%22%2C%22color%22%3A%22light%22%2C%22hover_color%22%3A%22%22%7D&#8221; description_typography=&#8221;%7B%22font_family%22%3A%22Encode%20Sans%20Expanded%22%2C%22font_weight%22%3A%22500%22%2C%22font_style%22%3A%22normal%22%2C%22font_size_lg%22%3A%2216%22%2C%22font_size_md%22%3A%22%22%2C%22font_size_sm%22%3A%22%22%2C%22font_size_xs%22%3A%22%22%2C%22align%22%3A%22center%22%2C%22text_transform%22%3A%22%22%2C%22line_height%22%3A%22%22%2C%22letter_spacing%22%3A%22%22%2C%22color%22%3A%22light%22%2C%22hover_color%22%3A%22%22%7D&#8221; css=&#8221;.vc_custom_1731764351018{margin-bottom: 50px !important;}&#8221;]<\/p>\n<p style=\"text-align: center;\">Unsere Fahrer und Logistiker sorgen daf\u00fcr, dass das Be- und Entladen sowie der Transport der Waren so schnell wie m\u00f6glich und ohne unn\u00f6tige Verz\u00f6gerungen erfolgt.<\/p>\n<p>[\/g5element_image_box][\/vc_column][vc_column width=&#8221;1\/3&#8243;][g5element_image_box layout_style=&#8221;style-02&#8243; icon_image=&#8221;152&#8243; img_style=&#8221;img-default&#8221; img_size=&#8221;img-size-origin&#8221; hover_image_effect=&#8221;&#8221; title=&#8221;Optimale Transportbedingungen&#8221; title_typography=&#8221;%7B%22font_family%22%3A%22Encode%20Sans%20Expanded%22%2C%22font_weight%22%3A%22700%22%2C%22font_style%22%3A%22normal%22%2C%22font_size_lg%22%3A%2220%22%2C%22font_size_md%22%3A%22%22%2C%22font_size_sm%22%3A%22%22%2C%22font_size_xs%22%3A%22%22%2C%22align%22%3A%22center%22%2C%22text_transform%22%3A%22%22%2C%22line_height%22%3A%22%22%2C%22letter_spacing%22%3A%22%22%2C%22color%22%3A%22light%22%2C%22hover_color%22%3A%22%22%7D&#8221; description_typography=&#8221;%7B%22font_family%22%3A%22Encode%20Sans%20Expanded%22%2C%22font_weight%22%3A%22500%22%2C%22font_style%22%3A%22normal%22%2C%22font_size_lg%22%3A%2216%22%2C%22font_size_md%22%3A%22%22%2C%22font_size_sm%22%3A%22%22%2C%22font_size_xs%22%3A%22%22%2C%22align%22%3A%22center%22%2C%22text_transform%22%3A%22%22%2C%22line_height%22%3A%22%22%2C%22letter_spacing%22%3A%22%22%2C%22color%22%3A%22light%22%2C%22hover_color%22%3A%22%22%7D&#8221; css=&#8221;.vc_custom_1731764382829{margin-bottom: 50px !important;}&#8221;]<\/p>\n<p style=\"text-align: center;\">Wir verf\u00fcgen \u00fcber eine moderne Fahrzeugflotte mit K\u00fchlsattelaufliegern, die den Transport empfindlicher Waren \u00fcber lange Strecken erm\u00f6glicht.<\/p>\n<p>[\/g5element_image_box][\/vc_column][vc_column][g5element_space spacing_lg=&#8221;60&#8243; spacing_md=&#8221;60&#8243; spacing_sm=&#8221;20&#8243; spacing_xs=&#8221;20&#8243;][\/vc_column][\/vc_row][vc_row][vc_column][g5element_space spacing=&#8221;100&#8243; spacing_lg=&#8221;100&#8243; spacing_md=&#8221;100&#8243; spacing_sm=&#8221;70&#8243; spacing_xs=&#8221;70&#8243;][g5element_heading title=&#8221;Bei PolAgra sind wir auf den Verkauf und Transport von Getreide spezialisiert und bieten unseren Kunden umfassende L\u00f6sungen, die auf ihre Bed\u00fcrfnisse zugeschnitten sind.&#8221; tag_html=&#8221;4&#8243; limit_width=&#8221;873&#8243; title_typography=&#8221;%7B%22font_family%22%3A%22Encode%20Sans%20Expanded%22%2C%22font_weight%22%3A%22700%22%2C%22font_style%22%3A%22normal%22%2C%22font_size_lg%22%3A%2220%22%2C%22font_size_md%22%3A%22%22%2C%22font_size_sm%22%3A%22%22%2C%22font_size_xs%22%3A%22%22%2C%22align%22%3A%22%22%2C%22text_transform%22%3A%22%22%2C%22line_height%22%3A%22%22%2C%22letter_spacing%22%3A%22%22%2C%22color%22%3A%22primary%22%2C%22hover_color%22%3A%22%22%7D&#8221; css=&#8221;.vc_custom_1731764517536{margin-bottom: 30px !important;}&#8221;][vc_column_text css=&#8221;.vc_custom_1731764531705{margin-bottom: 0px !important;}&#8221; el_class=&#8221;max-with-873&#8243;]Unser Angebot umfasst hochwertige Getreidesorten wie Weizen, Mais und Gerste, die wir schnell und sicher liefern. Dank unserer modernen Transportflotte und unseres erfahrenen Teams gew\u00e4hrleisten wir termingerechte Lieferungen, wettbewerbsf\u00e4hige Preise und flexible Kooperationsbedingungen.[\/vc_column_text][g5element_space spacing=&#8221;130&#8243; spacing_lg=&#8221;130&#8243; spacing_md=&#8221;130&#8243; spacing_sm=&#8221;70&#8243; spacing_xs=&#8221;70&#8243;][\/vc_column][\/vc_row][vc_row full_width=&#8221;stretch_row_content_no_spaces&#8221;][vc_column][vc_single_image image=&#8221;140&#8243; img_size=&#8221;full&#8221; css=&#8221;.vc_custom_1726656909760{margin-bottom: 0px !important;}&#8221; el_class=&#8221;full_width_photo&#8221;][\/vc_column][\/vc_row][vc_row full_width=&#8221;stretch_row_content_no_spaces&#8221; el_class=&#8221;map_row&#8221;][vc_column][vc_tta_accordion title_tag=&#8221;h4&#8243; shape=&#8221;square&#8221; gap=&#8221;1&#8243; active_section=&#8221;1&#8243; css_animation=&#8221;fadeInRight&#8221; title=&#8221;Adresse&#8221;][vc_tta_section title=&#8221;Firmensitz&#8221; tab_id=&#8221;1726472149482-c9aa0d26-f892&#8243;][vc_column_text css=&#8221;&#8221;]<a href=\"https:\/\/maps.app.goo.gl\/arfLc7zrCjojPytZ8\" target=\"_blank\" rel=\"noopener\">F.H.U. Pol \u2013 Agra<\/a><br \/>\n<a href=\"https:\/\/maps.app.goo.gl\/arfLc7zrCjojPytZ8\" target=\"_blank\" rel=\"noopener\">Cz\u0119stochowska Stra\u00dfe80<\/a><br \/>\n<a href=\"https:\/\/maps.app.goo.gl\/arfLc7zrCjojPytZ8\" target=\"_blank\" rel=\"noopener\">PL 42-160 Krzepice<\/a>[\/vc_column_text][\/vc_tta_section][vc_tta_section title=&#8221;Telefon&#8221; tab_id=&#8221;1726472149520-daaa4863-f187&#8243;][vc_column_text css=&#8221;&#8221;]<a class=\"mail_item\" href=\"tel:+48 500 156 562\" target=\"_blank\" rel=\"noopener\">+48 500 156 562<\/a>[\/vc_column_text][\/vc_tta_section][vc_tta_section title=&#8221;Adresse E-Mail&#8221; tab_id=&#8221;1726472302900-0b50f61f-ee72&#8243;][vc_column_text css=&#8221;&#8221;]<a class=\"mail_item\" href=\"mailto:polagra@onet.pl\" target=\"_blank\" rel=\"noopener\">polagra@onet.pl<\/a>[\/vc_column_text][\/vc_tta_section][\/vc_tta_accordion][vc_gmaps link=&#8221;#E-8_JTNDaWZyYW1lJTIwc3JjJTNEJTIyaHR0cHMlM0ElMkYlMkZ3d3cuZ29vZ2xlLmNvbSUyRm1hcHMlMkZlbWJlZCUzRnBiJTNEJTIxMW0xOCUyMTFtMTIlMjExbTMlMjExZDI1MTIuNzg0NzMwODYwNDE0NiUyMTJkMTguNzQ4ODIzNTk5OTk5OTk4JTIxM2Q1MC45NjQ2ODQyJTIxMm0zJTIxMWYwJTIxMmYwJTIxM2YwJTIxM20yJTIxMWkxMDI0JTIxMmk3NjglMjE0ZjEzLjElMjEzbTMlMjExbTIlMjExczB4NDcxMDk3Zjk4ODdiMTdmNyUyNTNBMHg1NDY1Zjc0ZTc5Yjg3NmU4JTIxMnpVRTlNUVVkU1FTQXRJRWhoYm1SbGJDQjZZc096eGJ3Z1EzckVtWE4wYjJOb2IzZGhMQ0JJWVc1a1pXd2dlbUxEczhXOElFdkZnbTlpZFdOckxDQlRhM1Z3SUhwaXc3UEZ2Q0JEZXNTWmMzUnZZMmh2ZDJFc0lGTnJkWEFnZW1MRHM4VzhJRXZGZ205aWRXTnIlMjE1ZTAlMjEzbTIlMjExc2RlJTIxMnNheiUyMTR2MTcyNzMxNjM4NjI2MyUyMTVtMiUyMTFzZGUlMjEyc2F6JTIyJTIwd2lkdGglM0QlMjIxMDAlMjUlMjIlMjBoZWlnaHQlM0QlMjI2OTUlMjIlMjBzdHlsZSUzRCUyMmJvcmRlciUzQTAlM0IlMjIlMjBhbGxvd2Z1bGxzY3JlZW4lM0QlMjIlMjIlMjBsb2FkaW5nJTNEJTIybGF6eSUyMiUyMHJlZmVycmVycG9saWN5JTNEJTIybm8tcmVmZXJyZXItd2hlbi1kb3duZ3JhZGUlMjIlM0UlM0MlMkZpZnJhbWUlM0U=&#8221; size=&#8221;695&#8243; css=&#8221;.vc_custom_1731760794483{margin-bottom: 0px !important;}&#8221;][\/vc_column][\/vc_row][vc_row el_class=&#8221;form_row&#8221;][vc_column css_animation=&#8221;flipInX&#8221;][g5element_space spacing=&#8221;130&#8243; spacing_lg=&#8221;130&#8243; spacing_md=&#8221;130&#8243; spacing_sm=&#8221;70&#8243; spacing_xs=&#8221;70&#8243;][g5element_heading layout_style=&#8221;style-02&#8243; title=&#8221;Kontaktieren Sie uns&#8221; subtitle=&#8221;KONTAKT&#8221; tag_html=&#8221;3&#8243; title_typography=&#8221;%7B%22font_family%22%3A%22Encode%20Sans%20Expanded%22%2C%22font_weight%22%3A%22800%22%2C%22font_style%22%3A%22normal%22%2C%22font_size_lg%22%3A%2239%22%2C%22font_size_md%22%3A%22%22%2C%22font_size_sm%22%3A%2228%22%2C%22font_size_xs%22%3A%22%22%2C%22align%22%3A%22center%22%2C%22text_transform%22%3A%22%22%2C%22line_height%22%3A%22%22%2C%22letter_spacing%22%3A%22%22%2C%22color%22%3A%22primary%22%2C%22hover_color%22%3A%22%22%7D&#8221; subtitle_typography=&#8221;%7B%22font_family%22%3A%22Encode%20Sans%20Expanded%22%2C%22font_weight%22%3A%22700%22%2C%22font_style%22%3A%22normal%22%2C%22font_size_lg%22%3A%2216%22%2C%22font_size_md%22%3A%22%22%2C%22font_size_sm%22%3A%22%22%2C%22font_size_xs%22%3A%22%22%2C%22align%22%3A%22center%22%2C%22text_transform%22%3A%22%22%2C%22line_height%22%3A%22%22%2C%22letter_spacing%22%3A%22%22%2C%22color%22%3A%22secondary%22%2C%22hover_color%22%3A%22%22%7D&#8221; css=&#8221;.vc_custom_1731760815172{margin-bottom: 42px !important;}&#8221;]\n<div class=\"wpcf7 no-js\" id=\"wpcf7-f220-o1\" lang=\"en-US\" dir=\"ltr\" data-wpcf7-id=\"220\">\n<div class=\"screen-reader-response\"><p role=\"status\" aria-live=\"polite\" aria-atomic=\"true\"><\/p> <ul><\/ul><\/div>\n<form action=\"\/de\/wp-json\/wp\/v2\/pages\/16#wpcf7-f220-o1\" method=\"post\" class=\"wpcf7-form init\" aria-label=\"Contact form\" novalidate=\"novalidate\" data-status=\"init\">\n<div style=\"display: none;\">\n<input type=\"hidden\" name=\"_wpcf7\" value=\"220\" \/>\n<input type=\"hidden\" name=\"_wpcf7_version\" value=\"6.0.5\" \/>\n<input type=\"hidden\" name=\"_wpcf7_locale\" value=\"en_US\" \/>\n<input type=\"hidden\" name=\"_wpcf7_unit_tag\" value=\"wpcf7-f220-o1\" \/>\n<input type=\"hidden\" name=\"_wpcf7_container_post\" value=\"0\" \/>\n<input type=\"hidden\" name=\"_wpcf7_posted_data_hash\" value=\"\" \/>\n<\/div>\n<div class=\"row\">\n\t<div class=\"col-sm-6\">\n\t\t<p><span class=\"wpcf7-form-control-wrap\" data-name=\"your-name\"><input size=\"40\" maxlength=\"400\" class=\"wpcf7-form-control wpcf7-text wpcf7-validates-as-required\" autocomplete=\"name\" aria-required=\"true\" aria-invalid=\"false\" placeholder=\"Name *\" value=\"\" type=\"text\" name=\"your-name\" \/><\/span>\n\t\t<\/p>\n\t<\/div>\n\t<div class=\"col-sm-6\">\n\t\t<p><span class=\"wpcf7-form-control-wrap\" data-name=\"your-surname\"><input size=\"40\" maxlength=\"400\" class=\"wpcf7-form-control wpcf7-text\" aria-invalid=\"false\" placeholder=\"Nachname\" value=\"\" type=\"text\" name=\"your-surname\" \/><\/span>\n\t\t<\/p>\n\t<\/div>\n\t<div class=\"col-sm-6\">\n\t\t<p><span class=\"wpcf7-form-control-wrap\" data-name=\"your-email\"><input size=\"40\" maxlength=\"400\" class=\"wpcf7-form-control wpcf7-email wpcf7-text wpcf7-validates-as-email\" autocomplete=\"email\" aria-invalid=\"false\" placeholder=\"E-Mail-Adresse\" value=\"\" type=\"email\" name=\"your-email\" \/><\/span>\n\t\t<\/p>\n\t<\/div>\n\t<div class=\"col-sm-6\">\n\t\t<p><span class=\"wpcf7-form-control-wrap\" data-name=\"your-tel\"><input size=\"40\" maxlength=\"400\" class=\"wpcf7-form-control wpcf7-tel wpcf7-validates-as-required wpcf7-text wpcf7-validates-as-tel\" aria-required=\"true\" aria-invalid=\"false\" placeholder=\"Telefon *\" value=\"\" type=\"tel\" name=\"your-tel\" \/><\/span>\n\t\t<\/p>\n\t<\/div>\n\t<div class=\"col-sm-12\">\n\t\t<p><span class=\"wpcf7-form-control-wrap\" data-name=\"your-message\"><textarea cols=\"40\" rows=\"10\" maxlength=\"2000\" class=\"wpcf7-form-control wpcf7-textarea\" aria-invalid=\"false\" placeholder=\"Nachricht\" name=\"your-message\"><\/textarea><\/span>\n\t\t<\/p>\n\t<\/div>\n\t<div class=\"col-sm-12\">\n\t\t<p><input class=\"wpcf7-form-control wpcf7-submit has-spinner\" type=\"submit\" value=\"SENDEN SIE EINE NACHRICHT\" \/>\n\t\t<\/p>\n\t<\/div>\n<\/div><div class=\"wpcf7-response-output\" aria-hidden=\"true\"><\/div>\n<\/form>\n<\/div>\n[g5element_space spacing=&#8221;110&#8243; spacing_lg=&#8221;110&#8243; spacing_md=&#8221;110&#8243; spacing_sm=&#8221;50&#8243; spacing_xs=&#8221;50&#8243;][\/vc_column][\/vc_row]<\/p>\n<\/div>","protected":false},"excerpt":{"rendered":"<p>[vc_row full_width=&#8221;stretch_row_content_no_spaces&#8221; el_class=&#8221;custom_row-for-grey-section-on-right&#8221;][vc_column][g5element_space spacing=&#8221;79&#8243; spacing_lg=&#8221;79&#8243; spacing_md=&#8221;79&#8243; spacing_sm=&#8221;20&#8243; spacing_xs=&#8221;20&#8243;][vc_row_inner equal_height=&#8221;yes&#8221; content_placement=&#8221;middle&#8221; el_class=&#8221;mobile-column-reverse&#8221;][vc_column_inner el_class=&#8221;text_col&#8221; width=&#8221;1\/2&#8243;][g5element_space spacing=&#8221;0&#8243; spacing_lg=&#8221;0&#8243; spacing_md=&#8221;0&#8243; spacing_sm=&#8221;70&#8243; spacing_xs=&#8221;70&#8243;][g5element_heading title=&#8221;Die besten Getreidesorten auf dem Markt &#8211; sofort mit Transport verf\u00fcgbar!&#8221; subtitle=&#8221;UNSER ANGEBOT&#8221; tag_html=&#8221;3&#8243; title_typography=&#8221;%7B%22font_family%22%3A%22Encode%20Sans%20Expanded%22%2C%22font_weight%22%3A%22800%22%2C%22font_style%22%3A%22normal%22%2C%22font_size_lg%22%3A%2239%22%2C%22font_size_md%22%3A%22%22%2C%22font_size_sm%22%3A%2228%22%2C%22font_size_xs%22%3A%22%22%2C%22align%22%3A%22%22%2C%22text_transform%22%3A%22%22%2C%22line_height%22%3A%22%22%2C%22letter_spacing%22%3A%22%22%2C%22color%22%3A%22primary%22%2C%22hover_color%22%3A%22%22%7D&#8221; subtitle_typography=&#8221;%7B%22font_family%22%3A%22Encode%20Sans%20Expanded%22%2C%22font_weight%22%3A%22700%22%2C%22font_style%22%3A%22normal%22%2C%22font_size_lg%22%3A%2216%22%2C%22font_size_md%22%3A%22%22%2C%22font_size_sm%22%3A%22%22%2C%22font_size_xs%22%3A%22%22%2C%22align%22%3A%22%22%2C%22text_transform%22%3A%22%22%2C%22line_height%22%3A%22%22%2C%22letter_spacing%22%3A%22%22%2C%22color%22%3A%22secondary%22%2C%22hover_color%22%3A%22%22%7D&#8221; css=&#8221;.vc_custom_1731764459457{margin-bottom: 36px !important;}&#8221;][vc_column_text css=&#8221;.vc_custom_1731764484924{margin-bottom: 51px !important;}&#8221; el_class=&#8221;max-with-686&#8243;]Bei PolAgra setzen wir auf Innovation, Erfahrung und hohe Qualifikationen unserer Mitarbeiter. Wir k\u00fcmmern uns [&hellip;]<\/p>\n","protected":false},"author":2,"featured_media":145,"parent":0,"menu_order":0,"comment_status":"closed","ping_status":"closed","template":"","meta":{"footnotes":""},"class_list":["post-16","page","type-page","status-publish","has-post-thumbnail","hentry"],"translation":{"provider":"WPGlobus","version":"3.0.0","language":"de","enabled_languages":["pl","en","de"],"languages":{"pl":{"title":true,"content":true,"excerpt":false},"en":{"title":true,"content":true,"excerpt":false},"de":{"title":true,"content":true,"excerpt":false}}},"_links":{"self":[{"href":"https:\/\/pol-agra.eu\/de\/wp-json\/wp\/v2\/pages\/16","targetHints":{"allow":["GET"]}}],"collection":[{"href":"https:\/\/pol-agra.eu\/de\/wp-json\/wp\/v2\/pages"}],"about":[{"href":"https:\/\/pol-agra.eu\/de\/wp-json\/wp\/v2\/types\/page"}],"author":[{"embeddable":true,"href":"https:\/\/pol-agra.eu\/de\/wp-json\/wp\/v2\/users\/2"}],"replies":[{"embeddable":true,"href":"https:\/\/pol-agra.eu\/de\/wp-json\/wp\/v2\/comments?post=16"}],"version-history":[{"count":20,"href":"https:\/\/pol-agra.eu\/de\/wp-json\/wp\/v2\/pages\/16\/revisions"}],"predecessor-version":[{"id":303,"href":"https:\/\/pol-agra.eu\/de\/wp-json\/wp\/v2\/pages\/16\/revisions\/303"}],"wp:featuredmedia":[{"embeddable":true,"href":"https:\/\/pol-agra.eu\/de\/wp-json\/wp\/v2\/media\/145"}],"wp:attachment":[{"href":"https:\/\/pol-agra.eu\/de\/wp-json\/wp\/v2\/media?parent=16"}],"curies":[{"name":"wp","href":"https:\/\/api.w.org\/{rel}","templated":true}]}}