{"id":18,"date":"2024-09-16T06:29:08","date_gmt":"2024-09-16T04:29:08","guid":{"rendered":"https:\/\/pol-agra.eu\/?page_id=18"},"modified":"2024-11-20T11:31:30","modified_gmt":"2024-11-20T10:31:30","slug":"o-firmie","status":"publish","type":"page","link":"https:\/\/pol-agra.eu\/de\/o-firmie\/","title":{"rendered":"\u00dcber das Unternehmen"},"content":{"rendered":"<div class=\"wpb-content-wrapper\"><p>[vc_row full_width=&#8221;stretch_row_content_no_spaces&#8221; el_class=&#8221;custom_row-for-grey-section-on-right&#8221;][vc_column][g5element_space spacing=&#8221;79&#8243; spacing_lg=&#8221;79&#8243; spacing_md=&#8221;79&#8243; spacing_sm=&#8221;20&#8243; spacing_xs=&#8221;20&#8243;][vc_row_inner equal_height=&#8221;yes&#8221; content_placement=&#8221;middle&#8221; el_class=&#8221;mobile-column-reverse&#8221;][vc_column_inner el_class=&#8221;text_col&#8221; width=&#8221;1\/2&#8243;][g5element_space spacing=&#8221;0&#8243; spacing_lg=&#8221;0&#8243; spacing_md=&#8221;0&#8243; spacing_sm=&#8221;70&#8243; spacing_xs=&#8221;70&#8243;][g5element_heading title=&#8221;Transport und Verkauf von Getreide&#8221; subtitle=&#8221;UNSER ANGEBOT&#8221; tag_html=&#8221;3&#8243; title_typography=&#8221;%7B%22font_family%22%3A%22Encode%20Sans%20Expanded%22%2C%22font_weight%22%3A%22800%22%2C%22font_style%22%3A%22normal%22%2C%22font_size_lg%22%3A%2239%22%2C%22font_size_md%22%3A%22%22%2C%22font_size_sm%22%3A%2228%22%2C%22font_size_xs%22%3A%22%22%2C%22align%22%3A%22%22%2C%22text_transform%22%3A%22%22%2C%22line_height%22%3A%22%22%2C%22letter_spacing%22%3A%22%22%2C%22color%22%3A%22primary%22%2C%22hover_color%22%3A%22%22%7D&#8221; subtitle_typography=&#8221;%7B%22font_family%22%3A%22Encode%20Sans%20Expanded%22%2C%22font_weight%22%3A%22700%22%2C%22font_style%22%3A%22normal%22%2C%22font_size_lg%22%3A%2216%22%2C%22font_size_md%22%3A%22%22%2C%22font_size_sm%22%3A%22%22%2C%22font_size_xs%22%3A%22%22%2C%22align%22%3A%22%22%2C%22text_transform%22%3A%22%22%2C%22line_height%22%3A%22%22%2C%22letter_spacing%22%3A%22%22%2C%22color%22%3A%22secondary%22%2C%22hover_color%22%3A%22%22%7D&#8221; css=&#8221;.vc_custom_1731764616234{margin-bottom: 36px !important;}&#8221;][vc_column_text css=&#8221;.vc_custom_1731764638103{margin-bottom: 51px !important;}&#8221; el_class=&#8221;max-with-686&#8243;]Bei PolAgra setzen wir auf Innovation, Erfahrung und hohe Qualifikationen unserer Mitarbeiter. Wir k\u00fcmmern uns um sicheren nationalen und internationalen Transport sowie um den Verkauf von Getreide. Wir arbeiten umfassend und sorgen f\u00fcr sicheres Be- und Entladen sowie Logistik am Zielort.[\/vc_column_text][\/vc_column_inner][vc_column_inner el_class=&#8221;img_col&#8221; width=&#8221;1\/2&#8243; css=&#8221;.vc_custom_1726550024523{background-image: url(http:\/\/pol-agra.eu\/wp-content\/uploads\/2024\/09\/Group-515.svg?id=54) !important;background-position: 0 0 !important;background-repeat: no-repeat !important;}&#8221;][vc_single_image image=&#8221;132&#8243; img_size=&#8221;full&#8221; style=&#8221;vc_box_circle&#8221; css=&#8221;.vc_custom_1726653948778{margin-bottom: 0px !important;}&#8221; css_animation=&#8221;fadeInRight&#8221; el_class=&#8221;arrow-icon square_proportion-img max-with-585&#8243;][\/vc_column_inner][\/vc_row_inner][\/vc_column][\/vc_row][vc_row css_animation=&#8221;fadeInUp&#8221; el_class=&#8221;home_row-4&#8243;][vc_column][g5element_space spacing=&#8221;47&#8243; spacing_lg=&#8221;47&#8243; spacing_md=&#8221;47&#8243; spacing_sm=&#8221;70&#8243; spacing_xs=&#8221;70&#8243;][\/vc_column][vc_column width=&#8221;1\/3&#8243;][g5element_image_box layout_style=&#8221;style-02&#8243; icon_image=&#8221;32&#8243; img_style=&#8221;img-default&#8221; img_size=&#8221;img-size-origin&#8221; hover_image_effect=&#8221;&#8221; title=&#8221;Globale Transportdienstleistungen&#8221; title_typography=&#8221;%7B%22font_family%22%3A%22Encode%20Sans%20Expanded%22%2C%22font_weight%22%3A%22700%22%2C%22font_style%22%3A%22normal%22%2C%22font_size_lg%22%3A%2220%22%2C%22font_size_md%22%3A%22%22%2C%22font_size_sm%22%3A%22%22%2C%22font_size_xs%22%3A%22%22%2C%22align%22%3A%22center%22%2C%22text_transform%22%3A%22%22%2C%22line_height%22%3A%22%22%2C%22letter_spacing%22%3A%22%22%2C%22color%22%3A%22primary%22%2C%22hover_color%22%3A%22%22%7D&#8221; description_typography=&#8221;%7B%22font_family%22%3A%22Encode%20Sans%20Expanded%22%2C%22font_weight%22%3A%22500%22%2C%22font_style%22%3A%22normal%22%2C%22font_size_lg%22%3A%2216%22%2C%22font_size_md%22%3A%22%22%2C%22font_size_sm%22%3A%22%22%2C%22font_size_xs%22%3A%22%22%2C%22align%22%3A%22center%22%2C%22text_transform%22%3A%22%22%2C%22line_height%22%3A%22%22%2C%22letter_spacing%22%3A%22%22%2C%22color%22%3A%22%23797979%22%2C%22hover_color%22%3A%22%22%7D&#8221; css=&#8221;.vc_custom_1731764914294{margin-bottom: 50px !important;}&#8221;]<\/p>\n<p style=\"text-align: center;\">Bei Pol-Agra bieten wir Transportdienstleistungen in ganz Polen und Europa an. Wir transportieren Getreide und andere Waren zu beliebigen Zielen.<\/p>\n<p>[\/g5element_image_box][\/vc_column][vc_column width=&#8221;1\/3&#8243;][g5element_image_box layout_style=&#8221;style-02&#8243; icon_image=&#8221;31&#8243; img_style=&#8221;img-default&#8221; img_size=&#8221;img-size-origin&#8221; hover_image_effect=&#8221;&#8221; title=&#8221;Schnelles Be- und Entladen&#8221; title_typography=&#8221;%7B%22font_family%22%3A%22Encode%20Sans%20Expanded%22%2C%22font_weight%22%3A%22700%22%2C%22font_style%22%3A%22normal%22%2C%22font_size_lg%22%3A%2220%22%2C%22font_size_md%22%3A%22%22%2C%22font_size_sm%22%3A%22%22%2C%22font_size_xs%22%3A%22%22%2C%22align%22%3A%22center%22%2C%22text_transform%22%3A%22%22%2C%22line_height%22%3A%22%22%2C%22letter_spacing%22%3A%22%22%2C%22color%22%3A%22primary%22%2C%22hover_color%22%3A%22%22%7D&#8221; description_typography=&#8221;%7B%22font_family%22%3A%22Encode%20Sans%20Expanded%22%2C%22font_weight%22%3A%22500%22%2C%22font_style%22%3A%22normal%22%2C%22font_size_lg%22%3A%2216%22%2C%22font_size_md%22%3A%22%22%2C%22font_size_sm%22%3A%22%22%2C%22font_size_xs%22%3A%22%22%2C%22align%22%3A%22center%22%2C%22text_transform%22%3A%22%22%2C%22line_height%22%3A%22%22%2C%22letter_spacing%22%3A%22%22%2C%22color%22%3A%22%23797979%22%2C%22hover_color%22%3A%22%22%7D&#8221; css=&#8221;.vc_custom_1731764944582{margin-bottom: 50px !important;}&#8221;]<\/p>\n<p style=\"text-align: center;\">Unsere Fahrer und Logistiker sorgen daf\u00fcr, dass das Be- und Entladen sowie der Transport der Waren so schnell wie m\u00f6glich und ohne unn\u00f6tige Verz\u00f6gerungen erfolgt.<\/p>\n<p>[\/g5element_image_box][\/vc_column][vc_column width=&#8221;1\/3&#8243;][g5element_image_box layout_style=&#8221;style-02&#8243; icon_image=&#8221;30&#8243; img_style=&#8221;img-default&#8221; img_size=&#8221;img-size-origin&#8221; hover_image_effect=&#8221;&#8221; title=&#8221;Optimale Transportbedingungen&#8221; title_typography=&#8221;%7B%22font_family%22%3A%22Encode%20Sans%20Expanded%22%2C%22font_weight%22%3A%22700%22%2C%22font_style%22%3A%22normal%22%2C%22font_size_lg%22%3A%2220%22%2C%22font_size_md%22%3A%22%22%2C%22font_size_sm%22%3A%22%22%2C%22font_size_xs%22%3A%22%22%2C%22align%22%3A%22center%22%2C%22text_transform%22%3A%22%22%2C%22line_height%22%3A%22%22%2C%22letter_spacing%22%3A%22%22%2C%22color%22%3A%22primary%22%2C%22hover_color%22%3A%22%22%7D&#8221; description_typography=&#8221;%7B%22font_family%22%3A%22Encode%20Sans%20Expanded%22%2C%22font_weight%22%3A%22500%22%2C%22font_style%22%3A%22normal%22%2C%22font_size_lg%22%3A%2216%22%2C%22font_size_md%22%3A%22%22%2C%22font_size_sm%22%3A%22%22%2C%22font_size_xs%22%3A%22%22%2C%22align%22%3A%22center%22%2C%22text_transform%22%3A%22%22%2C%22line_height%22%3A%22%22%2C%22letter_spacing%22%3A%22%22%2C%22color%22%3A%22%23797979%22%2C%22hover_color%22%3A%22%22%7D&#8221; css=&#8221;.vc_custom_1731764970208{margin-bottom: 50px !important;}&#8221;]<\/p>\n<p style=\"text-align: center;\">Wir verf\u00fcgen \u00fcber eine moderne Fahrzeugflotte mit K\u00fchlsattelaufliegern, die den Transport empfindlicher Waren \u00fcber lange Strecken erm\u00f6glicht.<\/p>\n<p>[\/g5element_image_box][\/vc_column][vc_column][g5element_space spacing=&#8221;90&#8243; spacing_lg=&#8221;90&#8243; spacing_md=&#8221;90&#8243; spacing_sm=&#8221;20&#8243; spacing_xs=&#8221;20&#8243;][\/vc_column][\/vc_row][vc_row full_width=&#8221;stretch_row_content_no_spaces&#8221; equal_height=&#8221;yes&#8221; content_placement=&#8221;middle&#8221; el_class=&#8221;home_row-5&#8243;][vc_column width=&#8221;1\/2&#8243; css_animation=&#8221;fadeInLeft&#8221; css=&#8221;.vc_custom_1726653976812{background-image: url(http:\/\/pol-agra.eu\/wp-content\/uploads\/2024\/09\/Rectangle-8.jpg?id=29) !important;background-position: center !important;background-repeat: no-repeat !important;background-size: cover !important;}&#8221;][g5element_space spacing=&#8221;370&#8243;][\/vc_column][vc_column width=&#8221;1\/2&#8243; css=&#8221;.vc_custom_1726555178591{background-color: #002c5f !important;background-position: center !important;background-repeat: no-repeat !important;background-size: cover !important;}&#8221; el_class=&#8221;text_col&#8221;][g5element_space spacing=&#8221;138&#8243; spacing_lg=&#8221;138&#8243; spacing_md=&#8221;138&#8243; spacing_sm=&#8221;40&#8243; spacing_xs=&#8221;40&#8243;][g5element_heading title=&#8221;Inlands- und internationaler Transport&#8221; tag_html=&#8221;3&#8243; title_typography=&#8221;%7B%22font_family%22%3A%22Encode%20Sans%20Expanded%22%2C%22font_weight%22%3A%22800%22%2C%22font_style%22%3A%22normal%22%2C%22font_size_lg%22%3A%2239%22%2C%22font_size_md%22%3A%22%22%2C%22font_size_sm%22%3A%2228%22%2C%22font_size_xs%22%3A%22%22%2C%22align%22%3A%22%22%2C%22text_transform%22%3A%22%22%2C%22line_height%22%3A%22%22%2C%22letter_spacing%22%3A%22%22%2C%22color%22%3A%22light%22%2C%22hover_color%22%3A%22%22%7D&#8221; css=&#8221;.vc_custom_1731764880071{margin-bottom: 36px !important;}&#8221;][vc_column_text css=&#8221;.vc_custom_1731764705968{margin-bottom: 50px !important;}&#8221; el_class=&#8221;grey_text&#8221;]Unsere Transportdienstleistungen umfassen den Transport von Getreide sowie anderen vom Kunden angegebenen Waren. Wir \u00fcbernehmen Transportauftr\u00e4ge sowohl im Inland als auch in ganz Europa.[\/vc_column_text][g5element_button title=&#8221;mehr sehen&#8221; color=&#8221;secondary&#8221; link=&#8221;url:https%3A%2F%2Fpol-agra.eu%2Fde%2Ftransport%2F|title:Transport&#8221;][g5element_space spacing=&#8221;171&#8243; spacing_lg=&#8221;171&#8243; spacing_md=&#8221;171&#8243; spacing_sm=&#8221;31&#8243; spacing_xs=&#8221;31&#8243;][\/vc_column][\/vc_row][vc_row full_width=&#8221;stretch_row_content_no_spaces&#8221; equal_height=&#8221;yes&#8221; content_placement=&#8221;middle&#8221; el_class=&#8221;home_row-6&#8243;][vc_column width=&#8221;1\/2&#8243; css=&#8221;.vc_custom_1726555182890{background-color: #e8792e !important;background-position: center !important;background-repeat: no-repeat !important;background-size: cover !important;}&#8221; el_class=&#8221;text_col&#8221;][g5element_space spacing=&#8221;138&#8243; spacing_lg=&#8221;138&#8243; spacing_md=&#8221;138&#8243; spacing_sm=&#8221;40&#8243; spacing_xs=&#8221;40&#8243;][g5element_heading title=&#8221;Getreideverkauf&#8221; tag_html=&#8221;3&#8243; title_typography=&#8221;%7B%22font_family%22%3A%22Encode%20Sans%20Expanded%22%2C%22font_weight%22%3A%22800%22%2C%22font_style%22%3A%22normal%22%2C%22font_size_lg%22%3A%2239%22%2C%22font_size_md%22%3A%22%22%2C%22font_size_sm%22%3A%2228%22%2C%22font_size_xs%22%3A%22%22%2C%22align%22%3A%22%22%2C%22text_transform%22%3A%22%22%2C%22line_height%22%3A%22%22%2C%22letter_spacing%22%3A%22%22%2C%22color%22%3A%22light%22%2C%22hover_color%22%3A%22%22%7D&#8221; css=&#8221;.vc_custom_1731764782436{margin-bottom: 36px !important;}&#8221;][vc_column_text css=&#8221;.vc_custom_1731764763213{margin-bottom: 50px !important;}&#8221; el_class=&#8221;grey_text&#8221;]Neben Transportdienstleistungen besch\u00e4ftigen sich die Experten von Pol-Agra auch mit dem Verkauf und der Verteilung von Getreide. Kunden, die bei uns Getreide kaufen, k\u00f6nnen von attraktiven Transportbedingungen profitieren.[\/vc_column_text][g5element_button title=&#8221;mehr sehen&#8221; color=&#8221;light&#8221; link=&#8221;url:https%3A%2F%2Fpol-agra.eu%2Fde%2Fsprzedaz-zboz%2F|title:Sprzeda%C5%BC%20zb%C3%B3%C5%BC&#8221;][g5element_space spacing=&#8221;171&#8243; spacing_lg=&#8221;171&#8243; spacing_md=&#8221;171&#8243; spacing_sm=&#8221;31&#8243; spacing_xs=&#8221;31&#8243;][\/vc_column][vc_column width=&#8221;1\/2&#8243; css_animation=&#8221;fadeInRight&#8221; css=&#8221;.vc_custom_1726653983123{background-image: url(http:\/\/pol-agra.eu\/wp-content\/uploads\/2024\/09\/Rectangle-19.jpg?id=28) !important;background-position: center !important;background-repeat: no-repeat !important;background-size: cover !important;}&#8221;][g5element_space spacing=&#8221;370&#8243;][\/vc_column][\/vc_row]<\/p>\n<\/div>","protected":false},"excerpt":{"rendered":"<p>[vc_row full_width=&#8221;stretch_row_content_no_spaces&#8221; el_class=&#8221;custom_row-for-grey-section-on-right&#8221;][vc_column][g5element_space spacing=&#8221;79&#8243; spacing_lg=&#8221;79&#8243; spacing_md=&#8221;79&#8243; spacing_sm=&#8221;20&#8243; spacing_xs=&#8221;20&#8243;][vc_row_inner equal_height=&#8221;yes&#8221; content_placement=&#8221;middle&#8221; el_class=&#8221;mobile-column-reverse&#8221;][vc_column_inner el_class=&#8221;text_col&#8221; width=&#8221;1\/2&#8243;][g5element_space spacing=&#8221;0&#8243; spacing_lg=&#8221;0&#8243; spacing_md=&#8221;0&#8243; spacing_sm=&#8221;70&#8243; spacing_xs=&#8221;70&#8243;][g5element_heading title=&#8221;Transport und Verkauf von Getreide&#8221; subtitle=&#8221;UNSER ANGEBOT&#8221; tag_html=&#8221;3&#8243; title_typography=&#8221;%7B%22font_family%22%3A%22Encode%20Sans%20Expanded%22%2C%22font_weight%22%3A%22800%22%2C%22font_style%22%3A%22normal%22%2C%22font_size_lg%22%3A%2239%22%2C%22font_size_md%22%3A%22%22%2C%22font_size_sm%22%3A%2228%22%2C%22font_size_xs%22%3A%22%22%2C%22align%22%3A%22%22%2C%22text_transform%22%3A%22%22%2C%22line_height%22%3A%22%22%2C%22letter_spacing%22%3A%22%22%2C%22color%22%3A%22primary%22%2C%22hover_color%22%3A%22%22%7D&#8221; subtitle_typography=&#8221;%7B%22font_family%22%3A%22Encode%20Sans%20Expanded%22%2C%22font_weight%22%3A%22700%22%2C%22font_style%22%3A%22normal%22%2C%22font_size_lg%22%3A%2216%22%2C%22font_size_md%22%3A%22%22%2C%22font_size_sm%22%3A%22%22%2C%22font_size_xs%22%3A%22%22%2C%22align%22%3A%22%22%2C%22text_transform%22%3A%22%22%2C%22line_height%22%3A%22%22%2C%22letter_spacing%22%3A%22%22%2C%22color%22%3A%22secondary%22%2C%22hover_color%22%3A%22%22%7D&#8221; css=&#8221;.vc_custom_1731764616234{margin-bottom: 36px !important;}&#8221;][vc_column_text css=&#8221;.vc_custom_1731764638103{margin-bottom: 51px !important;}&#8221; el_class=&#8221;max-with-686&#8243;]Bei PolAgra setzen wir auf Innovation, Erfahrung und hohe Qualifikationen unserer Mitarbeiter. Wir k\u00fcmmern uns um sicheren nationalen und internationalen Transport [&hellip;]<\/p>\n","protected":false},"author":2,"featured_media":0,"parent":0,"menu_order":0,"comment_status":"closed","ping_status":"closed","template":"","meta":{"footnotes":""},"class_list":["post-18","page","type-page","status-publish","hentry"],"translation":{"provider":"WPGlobus","version":"3.0.0","language":"de","enabled_languages":["pl","en","de"],"languages":{"pl":{"title":true,"content":true,"excerpt":false},"en":{"title":true,"content":true,"excerpt":false},"de":{"title":true,"content":true,"excerpt":false}}},"_links":{"self":[{"href":"https:\/\/pol-agra.eu\/de\/wp-json\/wp\/v2\/pages\/18","targetHints":{"allow":["GET"]}}],"collection":[{"href":"https:\/\/pol-agra.eu\/de\/wp-json\/wp\/v2\/pages"}],"about":[{"href":"https:\/\/pol-agra.eu\/de\/wp-json\/wp\/v2\/types\/page"}],"author":[{"embeddable":true,"href":"https:\/\/pol-agra.eu\/de\/wp-json\/wp\/v2\/users\/2"}],"replies":[{"embeddable":true,"href":"https:\/\/pol-agra.eu\/de\/wp-json\/wp\/v2\/comments?post=18"}],"version-history":[{"count":20,"href":"https:\/\/pol-agra.eu\/de\/wp-json\/wp\/v2\/pages\/18\/revisions"}],"predecessor-version":[{"id":287,"href":"https:\/\/pol-agra.eu\/de\/wp-json\/wp\/v2\/pages\/18\/revisions\/287"}],"wp:attachment":[{"href":"https:\/\/pol-agra.eu\/de\/wp-json\/wp\/v2\/media?parent=18"}],"curies":[{"name":"wp","href":"https:\/\/api.w.org\/{rel}","templated":true}]}}